{"id":2162,"date":"2025-10-14T17:03:24","date_gmt":"2025-10-14T15:03:24","guid":{"rendered":"https:\/\/nadegequeuniet.fr\/?page_id=2162"},"modified":"2025-10-14T17:08:34","modified_gmt":"2025-10-14T15:08:34","slug":"scottisch-a-lamante-2","status":"publish","type":"page","link":"https:\/\/nadegequeuniet.fr\/index.php\/scottisch-a-lamante-2\/","title":{"rendered":"Scottisch \u00e0 l&rsquo;Amante"},"content":{"rendered":"\t\t<div data-elementor-type=\"wp-page\" data-elementor-id=\"2162\" class=\"elementor elementor-2162\">\n\t\t\t\t<div class=\"elementor-element elementor-element-21507e25 e-flex e-con-boxed e-con e-parent\" data-id=\"21507e25\" data-element_type=\"container\">\n\t\t\t\t\t<div class=\"e-con-inner\">\n\t\t\t\t<div class=\"elementor-element elementor-element-637cfb7a elementor-widget elementor-widget-heading\" data-id=\"637cfb7a\" data-element_type=\"widget\" data-widget_type=\"heading.default\">\n\t\t\t\t<div class=\"elementor-widget-container\">\n\t\t\t<h2 class=\"elementor-heading-title elementor-size-default\">Scottisch \u00e0 l'Amante<\/h2>\t\t<\/div>\n\t\t\t\t<\/div>\n\t\t\t\t\t<\/div>\n\t\t\t\t<\/div>\n\t\t<div class=\"elementor-element elementor-element-3426b29b e-flex e-con-boxed e-con e-parent\" data-id=\"3426b29b\" data-element_type=\"container\">\n\t\t\t\t\t<div class=\"e-con-inner\">\n\t\t\t\t<div class=\"elementor-element elementor-element-7255be8d elementor-widget elementor-widget-text-editor\" data-id=\"7255be8d\" data-element_type=\"widget\" data-widget_type=\"text-editor.default\">\n\t\t\t\t<div class=\"elementor-widget-container\">\n\t\t\t\t\t\t\t<p>Scottisch de St\u00e9phane D\u00e9lice.<\/p><p>J&rsquo;ai choisi cette scottisch pour travailler le d\u00e9chiffrage de partition au diato.<\/p><p>Les enregistrements sont faits au m\u00e9tronome \u00e0 82 \u00e0 la noire pour la version lente et 82 \u00e0 la blanche pour la version \u00ab\u00a0normale\u00a0\u00bb.<\/p>\t\t\t\t\t\t<\/div>\n\t\t\t\t<\/div>\n\t\t\t\t\t<\/div>\n\t\t\t\t<\/div>\n\t\t<div class=\"elementor-element elementor-element-3912bf84 e-grid e-con-boxed e-con e-parent\" data-id=\"3912bf84\" data-element_type=\"container\">\n\t\t\t\t\t<div class=\"e-con-inner\">\n\t\t\t\t<div class=\"elementor-element elementor-element-1bf63084 elementor-widget elementor-widget-image\" data-id=\"1bf63084\" data-element_type=\"widget\" data-widget_type=\"image.default\">\n\t\t\t\t<div class=\"elementor-widget-container\">\n\t\t\t\t\t\t\t\t\t\t\t\t\t\t<a href=\"https:\/\/nadegequeuniet.fr\/wp-content\/uploads\/2025\/10\/scottisch-a-lamante.pdf\">\n\t\t\t\t\t\t\t<img fetchpriority=\"high\" decoding=\"async\" width=\"525\" height=\"328\" src=\"https:\/\/nadegequeuniet.fr\/wp-content\/uploads\/2025\/04\/CONDUCTEUR-1024x640.png\" class=\"attachment-large size-large wp-image-2068\" alt=\"\" srcset=\"https:\/\/nadegequeuniet.fr\/wp-content\/uploads\/2025\/04\/CONDUCTEUR-1024x640.png 1024w, https:\/\/nadegequeuniet.fr\/wp-content\/uploads\/2025\/04\/CONDUCTEUR-300x188.png 300w, https:\/\/nadegequeuniet.fr\/wp-content\/uploads\/2025\/04\/CONDUCTEUR-768x480.png 768w, https:\/\/nadegequeuniet.fr\/wp-content\/uploads\/2025\/04\/CONDUCTEUR.png 1040w\" sizes=\"100vw\" \/>\t\t\t\t\t\t\t\t<\/a>\n\t\t\t\t\t\t\t\t\t\t\t\t\t<\/div>\n\t\t\t\t<\/div>\n\t\t\t\t\t<\/div>\n\t\t\t\t<\/div>\n\t\t<div class=\"elementor-element elementor-element-3fa623d0 e-grid e-con-boxed e-con e-parent\" data-id=\"3fa623d0\" data-element_type=\"container\">\n\t\t\t\t\t<div class=\"e-con-inner\">\n\t\t\t\t<div class=\"elementor-element elementor-element-68ded4f2 elementor-widget elementor-widget-image\" data-id=\"68ded4f2\" data-element_type=\"widget\" data-widget_type=\"image.default\">\n\t\t\t\t<div class=\"elementor-widget-container\">\n\t\t\t\t\t\t\t\t\t\t\t\t\t\t<a href=\"https:\/\/nadegequeuniet.fr\/wp-content\/uploads\/2025\/10\/scottisch-a-lamante-noire-82.mp3\">\n\t\t\t\t\t\t\t<img decoding=\"async\" width=\"525\" height=\"328\" src=\"https:\/\/nadegequeuniet.fr\/wp-content\/uploads\/2024\/12\/AUDIO-1-LENT-1024x640.png\" class=\"attachment-large size-large wp-image-1943\" alt=\"\" srcset=\"https:\/\/nadegequeuniet.fr\/wp-content\/uploads\/2024\/12\/AUDIO-1-LENT-1024x640.png 1024w, https:\/\/nadegequeuniet.fr\/wp-content\/uploads\/2024\/12\/AUDIO-1-LENT-300x188.png 300w, https:\/\/nadegequeuniet.fr\/wp-content\/uploads\/2024\/12\/AUDIO-1-LENT-768x480.png 768w, https:\/\/nadegequeuniet.fr\/wp-content\/uploads\/2024\/12\/AUDIO-1-LENT.png 1040w\" sizes=\"100vw\" \/>\t\t\t\t\t\t\t\t<\/a>\n\t\t\t\t\t\t\t\t\t\t\t\t\t<\/div>\n\t\t\t\t<\/div>\n\t\t\t\t<div class=\"elementor-element elementor-element-6e28a2cd elementor-widget elementor-widget-image\" data-id=\"6e28a2cd\" data-element_type=\"widget\" data-widget_type=\"image.default\">\n\t\t\t\t<div class=\"elementor-widget-container\">\n\t\t\t\t\t\t\t\t\t\t\t\t\t\t<a href=\"https:\/\/nadegequeuniet.fr\/wp-content\/uploads\/2025\/10\/scottisch-a-lamante-blanche-82.mp3\">\n\t\t\t\t\t\t\t<img decoding=\"async\" width=\"525\" height=\"328\" src=\"https:\/\/nadegequeuniet.fr\/wp-content\/uploads\/2024\/12\/AUDIO-1-NORMAL-1024x640.png\" class=\"attachment-large size-large wp-image-1944\" alt=\"\" srcset=\"https:\/\/nadegequeuniet.fr\/wp-content\/uploads\/2024\/12\/AUDIO-1-NORMAL-1024x640.png 1024w, https:\/\/nadegequeuniet.fr\/wp-content\/uploads\/2024\/12\/AUDIO-1-NORMAL-300x188.png 300w, https:\/\/nadegequeuniet.fr\/wp-content\/uploads\/2024\/12\/AUDIO-1-NORMAL-768x480.png 768w, https:\/\/nadegequeuniet.fr\/wp-content\/uploads\/2024\/12\/AUDIO-1-NORMAL.png 1040w\" sizes=\"100vw\" \/>\t\t\t\t\t\t\t\t<\/a>\n\t\t\t\t\t\t\t\t\t\t\t\t\t<\/div>\n\t\t\t\t<\/div>\n\t\t\t\t\t<\/div>\n\t\t\t\t<\/div>\n\t\t\t\t<\/div>\n\t\t","protected":false},"excerpt":{"rendered":"<p>Scottisch \u00e0 l&rsquo;Amante Scottisch de St\u00e9phane D\u00e9lice. J&rsquo;ai choisi cette scottisch pour travailler le d\u00e9chiffrage de partition au diato. Les enregistrements sont faits au m\u00e9tronome \u00e0 82 \u00e0 la noire pour la version lente et 82 \u00e0 la blanche pour la version \u00ab\u00a0normale\u00a0\u00bb.<\/p>\n","protected":false},"author":1,"featured_media":0,"parent":0,"menu_order":0,"comment_status":"closed","ping_status":"closed","template":"","meta":{"footnotes":""},"class_list":["post-2162","page","type-page","status-publish","hentry"],"yoast_head":"<!-- This site is optimized with the Yoast SEO plugin v24.0 - https:\/\/yoast.com\/wordpress\/plugins\/seo\/ -->\n<title>Scottisch \u00e0 l&#039;Amante - Nad\u00e8ge Queuniet<\/title>\n<meta name=\"robots\" content=\"index, follow, max-snippet:-1, max-image-preview:large, max-video-preview:-1\" \/>\n<link rel=\"canonical\" href=\"https:\/\/nadegequeuniet.fr\/index.php\/scottisch-a-lamante-2\/\" \/>\n<meta property=\"og:locale\" content=\"fr_FR\" \/>\n<meta property=\"og:type\" content=\"article\" \/>\n<meta property=\"og:title\" content=\"Scottisch \u00e0 l&#039;Amante - Nad\u00e8ge Queuniet\" \/>\n<meta property=\"og:description\" content=\"Scottisch \u00e0 l&rsquo;Amante Scottisch de St\u00e9phane D\u00e9lice. J&rsquo;ai choisi cette scottisch pour travailler le d\u00e9chiffrage de partition au diato. Les enregistrements sont faits au m\u00e9tronome \u00e0 82 \u00e0 la noire pour la version lente et 82 \u00e0 la blanche pour la version \u00ab\u00a0normale\u00a0\u00bb.\" \/>\n<meta property=\"og:url\" content=\"https:\/\/nadegequeuniet.fr\/index.php\/scottisch-a-lamante-2\/\" \/>\n<meta property=\"og:site_name\" content=\"Nad\u00e8ge Queuniet\" \/>\n<meta property=\"article:modified_time\" content=\"2025-10-14T15:08:34+00:00\" \/>\n<meta property=\"og:image\" content=\"https:\/\/nadegequeuniet.fr\/wp-content\/uploads\/2025\/04\/CONDUCTEUR-1024x640.png\" \/>\n<meta name=\"twitter:card\" content=\"summary_large_image\" \/>\n<meta name=\"twitter:label1\" content=\"Dur\u00e9e de lecture estim\u00e9e\" \/>\n\t<meta name=\"twitter:data1\" content=\"1 minute\" \/>\n<script type=\"application\/ld+json\" class=\"yoast-schema-graph\">{\"@context\":\"https:\/\/schema.org\",\"@graph\":[{\"@type\":\"WebPage\",\"@id\":\"https:\/\/nadegequeuniet.fr\/index.php\/scottisch-a-lamante-2\/\",\"url\":\"https:\/\/nadegequeuniet.fr\/index.php\/scottisch-a-lamante-2\/\",\"name\":\"Scottisch \u00e0 l'Amante - Nad\u00e8ge Queuniet\",\"isPartOf\":{\"@id\":\"https:\/\/nadegequeuniet.fr\/#website\"},\"primaryImageOfPage\":{\"@id\":\"https:\/\/nadegequeuniet.fr\/index.php\/scottisch-a-lamante-2\/#primaryimage\"},\"image\":{\"@id\":\"https:\/\/nadegequeuniet.fr\/index.php\/scottisch-a-lamante-2\/#primaryimage\"},\"thumbnailUrl\":\"https:\/\/nadegequeuniet.fr\/wp-content\/uploads\/2025\/04\/CONDUCTEUR-1024x640.png\",\"datePublished\":\"2025-10-14T15:03:24+00:00\",\"dateModified\":\"2025-10-14T15:08:34+00:00\",\"breadcrumb\":{\"@id\":\"https:\/\/nadegequeuniet.fr\/index.php\/scottisch-a-lamante-2\/#breadcrumb\"},\"inLanguage\":\"fr-FR\",\"potentialAction\":[{\"@type\":\"ReadAction\",\"target\":[\"https:\/\/nadegequeuniet.fr\/index.php\/scottisch-a-lamante-2\/\"]}]},{\"@type\":\"ImageObject\",\"inLanguage\":\"fr-FR\",\"@id\":\"https:\/\/nadegequeuniet.fr\/index.php\/scottisch-a-lamante-2\/#primaryimage\",\"url\":\"https:\/\/nadegequeuniet.fr\/wp-content\/uploads\/2025\/04\/CONDUCTEUR.png\",\"contentUrl\":\"https:\/\/nadegequeuniet.fr\/wp-content\/uploads\/2025\/04\/CONDUCTEUR.png\",\"width\":1040,\"height\":650},{\"@type\":\"BreadcrumbList\",\"@id\":\"https:\/\/nadegequeuniet.fr\/index.php\/scottisch-a-lamante-2\/#breadcrumb\",\"itemListElement\":[{\"@type\":\"ListItem\",\"position\":1,\"name\":\"Accueil\",\"item\":\"https:\/\/nadegequeuniet.fr\/\"},{\"@type\":\"ListItem\",\"position\":2,\"name\":\"Scottisch \u00e0 l&rsquo;Amante\"}]},{\"@type\":\"WebSite\",\"@id\":\"https:\/\/nadegequeuniet.fr\/#website\",\"url\":\"https:\/\/nadegequeuniet.fr\/\",\"name\":\"Nad\u00e8ge Queuniet\",\"description\":\"accord\u00e9on et partage\",\"potentialAction\":[{\"@type\":\"SearchAction\",\"target\":{\"@type\":\"EntryPoint\",\"urlTemplate\":\"https:\/\/nadegequeuniet.fr\/?s={search_term_string}\"},\"query-input\":{\"@type\":\"PropertyValueSpecification\",\"valueRequired\":true,\"valueName\":\"search_term_string\"}}],\"inLanguage\":\"fr-FR\"}]}<\/script>\n<!-- \/ Yoast SEO plugin. -->","yoast_head_json":{"title":"Scottisch \u00e0 l'Amante - Nad\u00e8ge Queuniet","robots":{"index":"index","follow":"follow","max-snippet":"max-snippet:-1","max-image-preview":"max-image-preview:large","max-video-preview":"max-video-preview:-1"},"canonical":"https:\/\/nadegequeuniet.fr\/index.php\/scottisch-a-lamante-2\/","og_locale":"fr_FR","og_type":"article","og_title":"Scottisch \u00e0 l'Amante - Nad\u00e8ge Queuniet","og_description":"Scottisch \u00e0 l&rsquo;Amante Scottisch de St\u00e9phane D\u00e9lice. J&rsquo;ai choisi cette scottisch pour travailler le d\u00e9chiffrage de partition au diato. Les enregistrements sont faits au m\u00e9tronome \u00e0 82 \u00e0 la noire pour la version lente et 82 \u00e0 la blanche pour la version \u00ab\u00a0normale\u00a0\u00bb.","og_url":"https:\/\/nadegequeuniet.fr\/index.php\/scottisch-a-lamante-2\/","og_site_name":"Nad\u00e8ge Queuniet","article_modified_time":"2025-10-14T15:08:34+00:00","og_image":[{"url":"https:\/\/nadegequeuniet.fr\/wp-content\/uploads\/2025\/04\/CONDUCTEUR-1024x640.png","type":"","width":"","height":""}],"twitter_card":"summary_large_image","twitter_misc":{"Dur\u00e9e de lecture estim\u00e9e":"1 minute"},"schema":{"@context":"https:\/\/schema.org","@graph":[{"@type":"WebPage","@id":"https:\/\/nadegequeuniet.fr\/index.php\/scottisch-a-lamante-2\/","url":"https:\/\/nadegequeuniet.fr\/index.php\/scottisch-a-lamante-2\/","name":"Scottisch \u00e0 l'Amante - Nad\u00e8ge Queuniet","isPartOf":{"@id":"https:\/\/nadegequeuniet.fr\/#website"},"primaryImageOfPage":{"@id":"https:\/\/nadegequeuniet.fr\/index.php\/scottisch-a-lamante-2\/#primaryimage"},"image":{"@id":"https:\/\/nadegequeuniet.fr\/index.php\/scottisch-a-lamante-2\/#primaryimage"},"thumbnailUrl":"https:\/\/nadegequeuniet.fr\/wp-content\/uploads\/2025\/04\/CONDUCTEUR-1024x640.png","datePublished":"2025-10-14T15:03:24+00:00","dateModified":"2025-10-14T15:08:34+00:00","breadcrumb":{"@id":"https:\/\/nadegequeuniet.fr\/index.php\/scottisch-a-lamante-2\/#breadcrumb"},"inLanguage":"fr-FR","potentialAction":[{"@type":"ReadAction","target":["https:\/\/nadegequeuniet.fr\/index.php\/scottisch-a-lamante-2\/"]}]},{"@type":"ImageObject","inLanguage":"fr-FR","@id":"https:\/\/nadegequeuniet.fr\/index.php\/scottisch-a-lamante-2\/#primaryimage","url":"https:\/\/nadegequeuniet.fr\/wp-content\/uploads\/2025\/04\/CONDUCTEUR.png","contentUrl":"https:\/\/nadegequeuniet.fr\/wp-content\/uploads\/2025\/04\/CONDUCTEUR.png","width":1040,"height":650},{"@type":"BreadcrumbList","@id":"https:\/\/nadegequeuniet.fr\/index.php\/scottisch-a-lamante-2\/#breadcrumb","itemListElement":[{"@type":"ListItem","position":1,"name":"Accueil","item":"https:\/\/nadegequeuniet.fr\/"},{"@type":"ListItem","position":2,"name":"Scottisch \u00e0 l&rsquo;Amante"}]},{"@type":"WebSite","@id":"https:\/\/nadegequeuniet.fr\/#website","url":"https:\/\/nadegequeuniet.fr\/","name":"Nad\u00e8ge Queuniet","description":"accord\u00e9on et partage","potentialAction":[{"@type":"SearchAction","target":{"@type":"EntryPoint","urlTemplate":"https:\/\/nadegequeuniet.fr\/?s={search_term_string}"},"query-input":{"@type":"PropertyValueSpecification","valueRequired":true,"valueName":"search_term_string"}}],"inLanguage":"fr-FR"}]}},"_links":{"self":[{"href":"https:\/\/nadegequeuniet.fr\/index.php\/wp-json\/wp\/v2\/pages\/2162","targetHints":{"allow":["GET"]}}],"collection":[{"href":"https:\/\/nadegequeuniet.fr\/index.php\/wp-json\/wp\/v2\/pages"}],"about":[{"href":"https:\/\/nadegequeuniet.fr\/index.php\/wp-json\/wp\/v2\/types\/page"}],"author":[{"embeddable":true,"href":"https:\/\/nadegequeuniet.fr\/index.php\/wp-json\/wp\/v2\/users\/1"}],"replies":[{"embeddable":true,"href":"https:\/\/nadegequeuniet.fr\/index.php\/wp-json\/wp\/v2\/comments?post=2162"}],"version-history":[{"count":2,"href":"https:\/\/nadegequeuniet.fr\/index.php\/wp-json\/wp\/v2\/pages\/2162\/revisions"}],"predecessor-version":[{"id":2169,"href":"https:\/\/nadegequeuniet.fr\/index.php\/wp-json\/wp\/v2\/pages\/2162\/revisions\/2169"}],"wp:attachment":[{"href":"https:\/\/nadegequeuniet.fr\/index.php\/wp-json\/wp\/v2\/media?parent=2162"}],"curies":[{"name":"wp","href":"https:\/\/api.w.org\/{rel}","templated":true}]}}