{"id":50,"date":"2023-04-06T11:47:05","date_gmt":"2023-04-06T09:47:05","guid":{"rendered":"http:\/\/nadegequeuniet.fr\/?page_id=50"},"modified":"2025-11-22T17:56:25","modified_gmt":"2025-11-22T16:56:25","slug":"enseignement","status":"publish","type":"page","link":"https:\/\/nadegequeuniet.fr\/index.php\/enseignement\/","title":{"rendered":"Cours d&rsquo;accord\u00e9on"},"content":{"rendered":"\n<p class=\"has-text-color\" style=\"color:#ceb48c\">Cet espace est r\u00e9serv\u00e9 \u00e0 mes \u00e9l\u00e8ves.<\/p>\n\n\n\n<figure class=\"wp-block-image size-large\"><img fetchpriority=\"high\" decoding=\"async\" width=\"1024\" height=\"214\" src=\"https:\/\/nadegequeuniet.fr\/wp-content\/uploads\/2023\/04\/Capture-decran-2023-04-06-a-11.46.07-1024x214.png\" alt=\"\" class=\"wp-image-60\" srcset=\"https:\/\/nadegequeuniet.fr\/wp-content\/uploads\/2023\/04\/Capture-decran-2023-04-06-a-11.46.07-1024x214.png 1024w, https:\/\/nadegequeuniet.fr\/wp-content\/uploads\/2023\/04\/Capture-decran-2023-04-06-a-11.46.07-300x63.png 300w, https:\/\/nadegequeuniet.fr\/wp-content\/uploads\/2023\/04\/Capture-decran-2023-04-06-a-11.46.07-768x160.png 768w, https:\/\/nadegequeuniet.fr\/wp-content\/uploads\/2023\/04\/Capture-decran-2023-04-06-a-11.46.07-1536x321.png 1536w, https:\/\/nadegequeuniet.fr\/wp-content\/uploads\/2023\/04\/Capture-decran-2023-04-06-a-11.46.07-2048x428.png 2048w\" sizes=\"(max-width: 706px) 89vw, (max-width: 767px) 82vw, 740px\" \/><\/figure>\n\n\n\n<p class=\"has-text-color\" style=\"color:#ceb48c\">Vous pourrez ici trouver les tablatures, enregistrements, vid\u00e9os&#8230; bref, tout ce qui est n\u00e9cessaire \u00e0 l&rsquo;apprentissage de vos morceaux. Les morceaux sont class\u00e9s par type de danse, et vous pourrez aussi trouver une page de notions th\u00e9oriques. Tout est t\u00e9l\u00e9chargeable, mais je vous remercie de ne pas partager trop largement, pour des raisons de droits.<\/p>\n\n\n<form role=\"search\" method=\"get\" action=\"https:\/\/nadegequeuniet.fr\/\" class=\"wp-block-search__button-outside wp-block-search__text-button wp-block-search\"    ><label class=\"wp-block-search__label\" for=\"wp-block-search__input-1\" >Rechercher<\/label><div class=\"wp-block-search__inside-wrapper\" ><input class=\"wp-block-search__input\" id=\"wp-block-search__input-1\" placeholder=\"\" value=\"\" type=\"search\" name=\"s\" required \/><button aria-label=\"Rechercher\" class=\"wp-block-search__button wp-element-button\" type=\"submit\" >Rechercher<\/button><\/div><\/form>\n\n\n<div class=\"wp-block-columns is-layout-flex wp-container-core-columns-is-layout-9d6595d7 wp-block-columns-is-layout-flex\">\n<div class=\"wp-block-column is-layout-flow wp-block-column-is-layout-flow\">\n<div class=\"wp-block-buttons is-layout-flex wp-block-buttons-is-layout-flex\">\n<div class=\"wp-block-button has-custom-width wp-block-button__width-100 is-style-outline is-style-outline--2\"><a class=\"wp-block-button__link has-text-color has-background wp-element-button\" href=\"https:\/\/nadegequeuniet.fr\/index.php\/valses\/\" style=\"color:#ceb48c;background-color:#751717\">VALSES<\/a><\/div>\n\n\n\n<div class=\"wp-block-button has-custom-width wp-block-button__width-100 is-style-outline is-style-outline--3\"><a class=\"wp-block-button__link has-text-color has-background wp-element-button\" href=\"https:\/\/nadegequeuniet.fr\/index.php\/polkas\/\" style=\"color:#ceb48c;background-color:#751717\">POLKAS<\/a><\/div>\n\n\n\n<div class=\"wp-block-button has-custom-width wp-block-button__width-100 is-style-outline is-style-outline--4\"><a class=\"wp-block-button__link has-text-color has-background wp-element-button\" href=\"https:\/\/nadegequeuniet.fr\/index.php\/chansons\/\" style=\"color:#ceb48c;background-color:#751717\">CHANSONS<\/a><\/div>\n\n\n\n<div class=\"wp-block-button has-custom-width wp-block-button__width-100 is-style-outline is-style-outline--5\"><a class=\"wp-block-button__link has-text-color has-background wp-element-button\" href=\"https:\/\/nadegequeuniet.fr\/index.php\/normandie\/\" style=\"color:#ceb48c;background-color:#751717\">NORMANDIE<\/a><\/div>\n\n\n\n<div class=\"wp-block-button has-custom-width wp-block-button__width-100 is-style-outline is-style-outline--6\"><a class=\"wp-block-button__link has-text-color has-background wp-element-button\" href=\"https:\/\/nadegequeuniet.fr\/index.php\/theorie\/\" style=\"color:#ceb48c;background-color:#751717\">THEORIE<\/a><\/div>\n<\/div>\n<\/div>\n\n\n\n<div class=\"wp-block-column is-layout-flow wp-block-column-is-layout-flow\">\n<div class=\"wp-block-buttons is-layout-flex wp-block-buttons-is-layout-flex\">\n<div class=\"wp-block-button has-custom-width wp-block-button__width-100 is-style-outline is-style-outline--7\"><a class=\"wp-block-button__link has-text-color has-background wp-element-button\" href=\"https:\/\/nadegequeuniet.fr\/index.php\/enseignement\/mazurkas\/\" style=\"color:#ceb48c;background-color:#751717\">MAZURKAS<\/a><\/div>\n\n\n\n<div class=\"wp-block-button has-custom-width wp-block-button__width-100 is-style-outline is-style-outline--8\"><a class=\"wp-block-button__link has-text-color has-background wp-element-button\" href=\"https:\/\/nadegequeuniet.fr\/index.php\/scottisch\/\" style=\"color:#ceb48c;background-color:#751717\">SCOTTISCH<\/a><\/div>\n\n\n\n<div class=\"wp-block-button has-custom-width wp-block-button__width-100 is-style-outline is-style-outline--9\"><a class=\"wp-block-button__link has-text-color has-background wp-element-button\" href=\"https:\/\/nadegequeuniet.fr\/index.php\/branles\/\" style=\"color:#ceb48c;background-color:#751717\">BRANLES<\/a><\/div>\n\n\n\n<div class=\"wp-block-button has-custom-width wp-block-button__width-100 is-style-outline is-style-outline--10\"><a class=\"wp-block-button__link has-text-color has-background wp-element-button\" href=\"https:\/\/nadegequeuniet.fr\/index.php\/vers-lest\/\" style=\"color:#ceb48c;background-color:#751717\">VERS L&rsquo;EST<\/a><\/div>\n\n\n\n<div class=\"wp-block-button has-custom-width wp-block-button__width-100 is-style-outline is-style-outline--11\"><a class=\"wp-block-button__link has-text-color has-background wp-element-button\" href=\"https:\/\/nadegequeuniet.fr\/wp-content\/uploads\/2025\/10\/tablature-vierge.pdf\" style=\"color:#ceb48c;background-color:#751717\">TAB VIERGE<\/a><\/div>\n<\/div>\n<\/div>\n\n\n\n<div class=\"wp-block-column is-layout-flow wp-block-column-is-layout-flow\">\n<div class=\"wp-block-buttons is-layout-flex wp-block-buttons-is-layout-flex\">\n<div class=\"wp-block-button has-custom-width wp-block-button__width-100 is-style-outline is-style-outline--12\"><a class=\"wp-block-button__link has-text-color has-background wp-element-button\" href=\"https:\/\/nadegequeuniet.fr\/index.php\/bourrees\/\" style=\"color:#ceb48c;background-color:#751717\">BOURREES<\/a><\/div>\n\n\n\n<div class=\"wp-block-button has-custom-width wp-block-button__width-100 is-style-outline is-style-outline--13\"><a class=\"wp-block-button__link has-text-color has-background wp-element-button\" href=\"https:\/\/nadegequeuniet.fr\/index.php\/bretagne\/\" style=\"color:#ceb48c;background-color:#751717\">BRETAGNE<\/a><\/div>\n\n\n\n<div class=\"wp-block-button has-custom-width wp-block-button__width-100 is-style-outline is-style-outline--14\"><a class=\"wp-block-button__link has-text-color has-background wp-element-button\" href=\"https:\/\/nadegequeuniet.fr\/index.php\/cercles\/\" style=\"color:#ceb48c;background-color:#751717\">CERCLES<\/a><\/div>\n\n\n\n<div class=\"wp-block-button has-custom-width wp-block-button__width-100 is-style-outline is-style-outline--15\"><a class=\"wp-block-button__link has-text-color has-background wp-element-button\" href=\"https:\/\/nadegequeuniet.fr\/index.php\/autres\/\" style=\"color:#ceb48c;background-color:#751717\">AUTRES<\/a><\/div>\n\n\n\n<div class=\"wp-block-button has-custom-width wp-block-button__width-100 is-style-outline is-style-outline--16\"><a class=\"wp-block-button__link has-text-color has-background wp-element-button\" style=\"color:#ceb48c;background-color:#751717\">TUTORIELS<\/a><\/div>\n<\/div>\n<\/div>\n<\/div>\n\n\n\n<p><\/p>\n","protected":false},"excerpt":{"rendered":"<p>Cet espace est r\u00e9serv\u00e9 \u00e0 mes \u00e9l\u00e8ves. Vous pourrez ici trouver les tablatures, enregistrements, vid\u00e9os&#8230; bref, tout ce qui est n\u00e9cessaire \u00e0 l&rsquo;apprentissage de vos morceaux. Les morceaux sont class\u00e9s par type de danse, et vous pourrez aussi trouver une page de notions th\u00e9oriques. Tout est t\u00e9l\u00e9chargeable, mais je vous remercie de ne pas partager &hellip; <\/p>\n<p class=\"link-more\"><a href=\"https:\/\/nadegequeuniet.fr\/index.php\/enseignement\/\" class=\"more-link\">Continuer la lecture<span class=\"screen-reader-text\"> de &laquo;&nbsp;Cours d&rsquo;accord\u00e9on&nbsp;&raquo;<\/span><\/a><\/p>\n","protected":false},"author":1,"featured_media":0,"parent":0,"menu_order":0,"comment_status":"closed","ping_status":"closed","template":"","meta":{"footnotes":""},"class_list":["post-50","page","type-page","status-publish","hentry"],"yoast_head":"<!-- This site is optimized with the Yoast SEO plugin v24.0 - https:\/\/yoast.com\/wordpress\/plugins\/seo\/ -->\n<title>Cours d&#039;accord\u00e9on - Nad\u00e8ge Queuniet<\/title>\n<meta name=\"robots\" content=\"index, follow, max-snippet:-1, max-image-preview:large, max-video-preview:-1\" \/>\n<link rel=\"canonical\" href=\"https:\/\/nadegequeuniet.fr\/index.php\/enseignement\/\" \/>\n<meta property=\"og:locale\" content=\"fr_FR\" \/>\n<meta property=\"og:type\" content=\"article\" \/>\n<meta property=\"og:title\" content=\"Cours d&#039;accord\u00e9on - Nad\u00e8ge Queuniet\" \/>\n<meta property=\"og:description\" content=\"Cet espace est r\u00e9serv\u00e9 \u00e0 mes \u00e9l\u00e8ves. Vous pourrez ici trouver les tablatures, enregistrements, vid\u00e9os&#8230; bref, tout ce qui est n\u00e9cessaire \u00e0 l&rsquo;apprentissage de vos morceaux. Les morceaux sont class\u00e9s par type de danse, et vous pourrez aussi trouver une page de notions th\u00e9oriques. Tout est t\u00e9l\u00e9chargeable, mais je vous remercie de ne pas partager &hellip; Continuer la lecture de &laquo;&nbsp;Cours d&rsquo;accord\u00e9on&nbsp;&raquo;\" \/>\n<meta property=\"og:url\" content=\"https:\/\/nadegequeuniet.fr\/index.php\/enseignement\/\" \/>\n<meta property=\"og:site_name\" content=\"Nad\u00e8ge Queuniet\" \/>\n<meta property=\"article:modified_time\" content=\"2025-11-22T16:56:25+00:00\" \/>\n<meta property=\"og:image\" content=\"http:\/\/nadegequeuniet.fr\/wp-content\/uploads\/2023\/04\/Capture-decran-2023-04-06-a-11.46.07-1024x214.png\" \/>\n<meta name=\"twitter:card\" content=\"summary_large_image\" \/>\n<meta name=\"twitter:label1\" content=\"Dur\u00e9e de lecture estim\u00e9e\" \/>\n\t<meta name=\"twitter:data1\" content=\"1 minute\" \/>\n<script type=\"application\/ld+json\" class=\"yoast-schema-graph\">{\"@context\":\"https:\/\/schema.org\",\"@graph\":[{\"@type\":\"WebPage\",\"@id\":\"https:\/\/nadegequeuniet.fr\/index.php\/enseignement\/\",\"url\":\"https:\/\/nadegequeuniet.fr\/index.php\/enseignement\/\",\"name\":\"Cours d'accord\u00e9on - Nad\u00e8ge Queuniet\",\"isPartOf\":{\"@id\":\"https:\/\/nadegequeuniet.fr\/#website\"},\"primaryImageOfPage\":{\"@id\":\"https:\/\/nadegequeuniet.fr\/index.php\/enseignement\/#primaryimage\"},\"image\":{\"@id\":\"https:\/\/nadegequeuniet.fr\/index.php\/enseignement\/#primaryimage\"},\"thumbnailUrl\":\"http:\/\/nadegequeuniet.fr\/wp-content\/uploads\/2023\/04\/Capture-decran-2023-04-06-a-11.46.07-1024x214.png\",\"datePublished\":\"2023-04-06T09:47:05+00:00\",\"dateModified\":\"2025-11-22T16:56:25+00:00\",\"breadcrumb\":{\"@id\":\"https:\/\/nadegequeuniet.fr\/index.php\/enseignement\/#breadcrumb\"},\"inLanguage\":\"fr-FR\",\"potentialAction\":[{\"@type\":\"ReadAction\",\"target\":[\"https:\/\/nadegequeuniet.fr\/index.php\/enseignement\/\"]}]},{\"@type\":\"ImageObject\",\"inLanguage\":\"fr-FR\",\"@id\":\"https:\/\/nadegequeuniet.fr\/index.php\/enseignement\/#primaryimage\",\"url\":\"http:\/\/nadegequeuniet.fr\/wp-content\/uploads\/2023\/04\/Capture-decran-2023-04-06-a-11.46.07-1024x214.png\",\"contentUrl\":\"http:\/\/nadegequeuniet.fr\/wp-content\/uploads\/2023\/04\/Capture-decran-2023-04-06-a-11.46.07-1024x214.png\"},{\"@type\":\"BreadcrumbList\",\"@id\":\"https:\/\/nadegequeuniet.fr\/index.php\/enseignement\/#breadcrumb\",\"itemListElement\":[{\"@type\":\"ListItem\",\"position\":1,\"name\":\"Accueil\",\"item\":\"https:\/\/nadegequeuniet.fr\/\"},{\"@type\":\"ListItem\",\"position\":2,\"name\":\"Cours d&rsquo;accord\u00e9on\"}]},{\"@type\":\"WebSite\",\"@id\":\"https:\/\/nadegequeuniet.fr\/#website\",\"url\":\"https:\/\/nadegequeuniet.fr\/\",\"name\":\"Nad\u00e8ge Queuniet\",\"description\":\"accord\u00e9on et partage\",\"potentialAction\":[{\"@type\":\"SearchAction\",\"target\":{\"@type\":\"EntryPoint\",\"urlTemplate\":\"https:\/\/nadegequeuniet.fr\/?s={search_term_string}\"},\"query-input\":{\"@type\":\"PropertyValueSpecification\",\"valueRequired\":true,\"valueName\":\"search_term_string\"}}],\"inLanguage\":\"fr-FR\"}]}<\/script>\n<!-- \/ Yoast SEO plugin. -->","yoast_head_json":{"title":"Cours d'accord\u00e9on - Nad\u00e8ge Queuniet","robots":{"index":"index","follow":"follow","max-snippet":"max-snippet:-1","max-image-preview":"max-image-preview:large","max-video-preview":"max-video-preview:-1"},"canonical":"https:\/\/nadegequeuniet.fr\/index.php\/enseignement\/","og_locale":"fr_FR","og_type":"article","og_title":"Cours d'accord\u00e9on - Nad\u00e8ge Queuniet","og_description":"Cet espace est r\u00e9serv\u00e9 \u00e0 mes \u00e9l\u00e8ves. Vous pourrez ici trouver les tablatures, enregistrements, vid\u00e9os&#8230; bref, tout ce qui est n\u00e9cessaire \u00e0 l&rsquo;apprentissage de vos morceaux. Les morceaux sont class\u00e9s par type de danse, et vous pourrez aussi trouver une page de notions th\u00e9oriques. Tout est t\u00e9l\u00e9chargeable, mais je vous remercie de ne pas partager &hellip; Continuer la lecture de &laquo;&nbsp;Cours d&rsquo;accord\u00e9on&nbsp;&raquo;","og_url":"https:\/\/nadegequeuniet.fr\/index.php\/enseignement\/","og_site_name":"Nad\u00e8ge Queuniet","article_modified_time":"2025-11-22T16:56:25+00:00","og_image":[{"url":"http:\/\/nadegequeuniet.fr\/wp-content\/uploads\/2023\/04\/Capture-decran-2023-04-06-a-11.46.07-1024x214.png","type":"","width":"","height":""}],"twitter_card":"summary_large_image","twitter_misc":{"Dur\u00e9e de lecture estim\u00e9e":"1 minute"},"schema":{"@context":"https:\/\/schema.org","@graph":[{"@type":"WebPage","@id":"https:\/\/nadegequeuniet.fr\/index.php\/enseignement\/","url":"https:\/\/nadegequeuniet.fr\/index.php\/enseignement\/","name":"Cours d'accord\u00e9on - Nad\u00e8ge Queuniet","isPartOf":{"@id":"https:\/\/nadegequeuniet.fr\/#website"},"primaryImageOfPage":{"@id":"https:\/\/nadegequeuniet.fr\/index.php\/enseignement\/#primaryimage"},"image":{"@id":"https:\/\/nadegequeuniet.fr\/index.php\/enseignement\/#primaryimage"},"thumbnailUrl":"http:\/\/nadegequeuniet.fr\/wp-content\/uploads\/2023\/04\/Capture-decran-2023-04-06-a-11.46.07-1024x214.png","datePublished":"2023-04-06T09:47:05+00:00","dateModified":"2025-11-22T16:56:25+00:00","breadcrumb":{"@id":"https:\/\/nadegequeuniet.fr\/index.php\/enseignement\/#breadcrumb"},"inLanguage":"fr-FR","potentialAction":[{"@type":"ReadAction","target":["https:\/\/nadegequeuniet.fr\/index.php\/enseignement\/"]}]},{"@type":"ImageObject","inLanguage":"fr-FR","@id":"https:\/\/nadegequeuniet.fr\/index.php\/enseignement\/#primaryimage","url":"http:\/\/nadegequeuniet.fr\/wp-content\/uploads\/2023\/04\/Capture-decran-2023-04-06-a-11.46.07-1024x214.png","contentUrl":"http:\/\/nadegequeuniet.fr\/wp-content\/uploads\/2023\/04\/Capture-decran-2023-04-06-a-11.46.07-1024x214.png"},{"@type":"BreadcrumbList","@id":"https:\/\/nadegequeuniet.fr\/index.php\/enseignement\/#breadcrumb","itemListElement":[{"@type":"ListItem","position":1,"name":"Accueil","item":"https:\/\/nadegequeuniet.fr\/"},{"@type":"ListItem","position":2,"name":"Cours d&rsquo;accord\u00e9on"}]},{"@type":"WebSite","@id":"https:\/\/nadegequeuniet.fr\/#website","url":"https:\/\/nadegequeuniet.fr\/","name":"Nad\u00e8ge Queuniet","description":"accord\u00e9on et partage","potentialAction":[{"@type":"SearchAction","target":{"@type":"EntryPoint","urlTemplate":"https:\/\/nadegequeuniet.fr\/?s={search_term_string}"},"query-input":{"@type":"PropertyValueSpecification","valueRequired":true,"valueName":"search_term_string"}}],"inLanguage":"fr-FR"}]}},"_links":{"self":[{"href":"https:\/\/nadegequeuniet.fr\/index.php\/wp-json\/wp\/v2\/pages\/50","targetHints":{"allow":["GET"]}}],"collection":[{"href":"https:\/\/nadegequeuniet.fr\/index.php\/wp-json\/wp\/v2\/pages"}],"about":[{"href":"https:\/\/nadegequeuniet.fr\/index.php\/wp-json\/wp\/v2\/types\/page"}],"author":[{"embeddable":true,"href":"https:\/\/nadegequeuniet.fr\/index.php\/wp-json\/wp\/v2\/users\/1"}],"replies":[{"embeddable":true,"href":"https:\/\/nadegequeuniet.fr\/index.php\/wp-json\/wp\/v2\/comments?post=50"}],"version-history":[{"count":2,"href":"https:\/\/nadegequeuniet.fr\/index.php\/wp-json\/wp\/v2\/pages\/50\/revisions"}],"predecessor-version":[{"id":2244,"href":"https:\/\/nadegequeuniet.fr\/index.php\/wp-json\/wp\/v2\/pages\/50\/revisions\/2244"}],"wp:attachment":[{"href":"https:\/\/nadegequeuniet.fr\/index.php\/wp-json\/wp\/v2\/media?parent=50"}],"curies":[{"name":"wp","href":"https:\/\/api.w.org\/{rel}","templated":true}]}}