{"id":678,"date":"2023-04-22T11:02:53","date_gmt":"2023-04-22T09:02:53","guid":{"rendered":"https:\/\/nadegequeuniet.fr\/?page_id=678"},"modified":"2023-04-22T11:02:54","modified_gmt":"2023-04-22T09:02:54","slug":"valse-internet-2","status":"publish","type":"page","link":"https:\/\/nadegequeuniet.fr\/index.php\/valse-internet-2\/","title":{"rendered":"valse internet"},"content":{"rendered":"\n<p>Une valse trouv\u00e9e sur le tr\u00e8s beau cd d&rsquo;Ambroizin. J&rsquo;ai chang\u00e9 les accords pour la mettre \u00e0 la sauce Manigale, du coup elle est assez diff\u00e9rente de l&rsquo;originale (la m\u00e9lodie est assez fid\u00e8le, elle). Elle n\u00e9cessite un 3 rangs<\/p>\n\n\n\n<div class=\"wp-block-buttons is-layout-flex wp-block-buttons-is-layout-flex\">\n<div class=\"wp-block-button has-custom-width wp-block-button__width-100 is-style-outline is-style-outline--1\"><a class=\"wp-block-button__link has-text-color wp-element-button\" href=\"https:\/\/nadegequeuniet.fr\/wp-content\/uploads\/2023\/04\/valse-internet.pdf\" style=\"color:#ceb48c\" target=\"_blank\" rel=\"noreferrer noopener\">Partition <\/a><\/div>\n\n\n\n<div class=\"wp-block-button has-custom-width wp-block-button__width-100 is-style-outline is-style-outline--2\"><a class=\"wp-block-button__link has-text-color wp-element-button\" href=\"https:\/\/nadegequeuniet.fr\/wp-content\/uploads\/2023\/04\/valse-internet.mp3\" style=\"color:#ceb48c\" target=\"_blank\" rel=\"noreferrer noopener\">Enregistrement<\/a><\/div>\n<\/div>\n","protected":false},"excerpt":{"rendered":"<p>Une valse trouv\u00e9e sur le tr\u00e8s beau cd d&rsquo;Ambroizin. J&rsquo;ai chang\u00e9 les accords pour la mettre \u00e0 la sauce Manigale, du coup elle est assez diff\u00e9rente de l&rsquo;originale (la m\u00e9lodie est assez fid\u00e8le, elle). Elle n\u00e9cessite un 3 rangs<\/p>\n","protected":false},"author":1,"featured_media":0,"parent":0,"menu_order":0,"comment_status":"closed","ping_status":"closed","template":"","meta":{"footnotes":""},"class_list":["post-678","page","type-page","status-publish","hentry"],"yoast_head":"<!-- This site is optimized with the Yoast SEO plugin v24.0 - https:\/\/yoast.com\/wordpress\/plugins\/seo\/ -->\n<title>valse internet - Nad\u00e8ge Queuniet<\/title>\n<meta name=\"robots\" content=\"index, follow, max-snippet:-1, max-image-preview:large, max-video-preview:-1\" \/>\n<link rel=\"canonical\" href=\"https:\/\/nadegequeuniet.fr\/index.php\/valse-internet-2\/\" \/>\n<meta property=\"og:locale\" content=\"fr_FR\" \/>\n<meta property=\"og:type\" content=\"article\" \/>\n<meta property=\"og:title\" content=\"valse internet - Nad\u00e8ge Queuniet\" \/>\n<meta property=\"og:description\" content=\"Une valse trouv\u00e9e sur le tr\u00e8s beau cd d&rsquo;Ambroizin. J&rsquo;ai chang\u00e9 les accords pour la mettre \u00e0 la sauce Manigale, du coup elle est assez diff\u00e9rente de l&rsquo;originale (la m\u00e9lodie est assez fid\u00e8le, elle). Elle n\u00e9cessite un 3 rangs\" \/>\n<meta property=\"og:url\" content=\"https:\/\/nadegequeuniet.fr\/index.php\/valse-internet-2\/\" \/>\n<meta property=\"og:site_name\" content=\"Nad\u00e8ge Queuniet\" \/>\n<meta property=\"article:modified_time\" content=\"2023-04-22T09:02:54+00:00\" \/>\n<meta name=\"twitter:card\" content=\"summary_large_image\" \/>\n<meta name=\"twitter:label1\" content=\"Dur\u00e9e de lecture estim\u00e9e\" \/>\n\t<meta name=\"twitter:data1\" content=\"1 minute\" \/>\n<script type=\"application\/ld+json\" class=\"yoast-schema-graph\">{\"@context\":\"https:\/\/schema.org\",\"@graph\":[{\"@type\":\"WebPage\",\"@id\":\"https:\/\/nadegequeuniet.fr\/index.php\/valse-internet-2\/\",\"url\":\"https:\/\/nadegequeuniet.fr\/index.php\/valse-internet-2\/\",\"name\":\"valse internet - Nad\u00e8ge Queuniet\",\"isPartOf\":{\"@id\":\"https:\/\/nadegequeuniet.fr\/#website\"},\"datePublished\":\"2023-04-22T09:02:53+00:00\",\"dateModified\":\"2023-04-22T09:02:54+00:00\",\"breadcrumb\":{\"@id\":\"https:\/\/nadegequeuniet.fr\/index.php\/valse-internet-2\/#breadcrumb\"},\"inLanguage\":\"fr-FR\",\"potentialAction\":[{\"@type\":\"ReadAction\",\"target\":[\"https:\/\/nadegequeuniet.fr\/index.php\/valse-internet-2\/\"]}]},{\"@type\":\"BreadcrumbList\",\"@id\":\"https:\/\/nadegequeuniet.fr\/index.php\/valse-internet-2\/#breadcrumb\",\"itemListElement\":[{\"@type\":\"ListItem\",\"position\":1,\"name\":\"Accueil\",\"item\":\"https:\/\/nadegequeuniet.fr\/\"},{\"@type\":\"ListItem\",\"position\":2,\"name\":\"valse internet\"}]},{\"@type\":\"WebSite\",\"@id\":\"https:\/\/nadegequeuniet.fr\/#website\",\"url\":\"https:\/\/nadegequeuniet.fr\/\",\"name\":\"Nad\u00e8ge Queuniet\",\"description\":\"accord\u00e9on et partage\",\"potentialAction\":[{\"@type\":\"SearchAction\",\"target\":{\"@type\":\"EntryPoint\",\"urlTemplate\":\"https:\/\/nadegequeuniet.fr\/?s={search_term_string}\"},\"query-input\":{\"@type\":\"PropertyValueSpecification\",\"valueRequired\":true,\"valueName\":\"search_term_string\"}}],\"inLanguage\":\"fr-FR\"}]}<\/script>\n<!-- \/ Yoast SEO plugin. -->","yoast_head_json":{"title":"valse internet - Nad\u00e8ge Queuniet","robots":{"index":"index","follow":"follow","max-snippet":"max-snippet:-1","max-image-preview":"max-image-preview:large","max-video-preview":"max-video-preview:-1"},"canonical":"https:\/\/nadegequeuniet.fr\/index.php\/valse-internet-2\/","og_locale":"fr_FR","og_type":"article","og_title":"valse internet - Nad\u00e8ge Queuniet","og_description":"Une valse trouv\u00e9e sur le tr\u00e8s beau cd d&rsquo;Ambroizin. J&rsquo;ai chang\u00e9 les accords pour la mettre \u00e0 la sauce Manigale, du coup elle est assez diff\u00e9rente de l&rsquo;originale (la m\u00e9lodie est assez fid\u00e8le, elle). Elle n\u00e9cessite un 3 rangs","og_url":"https:\/\/nadegequeuniet.fr\/index.php\/valse-internet-2\/","og_site_name":"Nad\u00e8ge Queuniet","article_modified_time":"2023-04-22T09:02:54+00:00","twitter_card":"summary_large_image","twitter_misc":{"Dur\u00e9e de lecture estim\u00e9e":"1 minute"},"schema":{"@context":"https:\/\/schema.org","@graph":[{"@type":"WebPage","@id":"https:\/\/nadegequeuniet.fr\/index.php\/valse-internet-2\/","url":"https:\/\/nadegequeuniet.fr\/index.php\/valse-internet-2\/","name":"valse internet - Nad\u00e8ge Queuniet","isPartOf":{"@id":"https:\/\/nadegequeuniet.fr\/#website"},"datePublished":"2023-04-22T09:02:53+00:00","dateModified":"2023-04-22T09:02:54+00:00","breadcrumb":{"@id":"https:\/\/nadegequeuniet.fr\/index.php\/valse-internet-2\/#breadcrumb"},"inLanguage":"fr-FR","potentialAction":[{"@type":"ReadAction","target":["https:\/\/nadegequeuniet.fr\/index.php\/valse-internet-2\/"]}]},{"@type":"BreadcrumbList","@id":"https:\/\/nadegequeuniet.fr\/index.php\/valse-internet-2\/#breadcrumb","itemListElement":[{"@type":"ListItem","position":1,"name":"Accueil","item":"https:\/\/nadegequeuniet.fr\/"},{"@type":"ListItem","position":2,"name":"valse internet"}]},{"@type":"WebSite","@id":"https:\/\/nadegequeuniet.fr\/#website","url":"https:\/\/nadegequeuniet.fr\/","name":"Nad\u00e8ge Queuniet","description":"accord\u00e9on et partage","potentialAction":[{"@type":"SearchAction","target":{"@type":"EntryPoint","urlTemplate":"https:\/\/nadegequeuniet.fr\/?s={search_term_string}"},"query-input":{"@type":"PropertyValueSpecification","valueRequired":true,"valueName":"search_term_string"}}],"inLanguage":"fr-FR"}]}},"_links":{"self":[{"href":"https:\/\/nadegequeuniet.fr\/index.php\/wp-json\/wp\/v2\/pages\/678","targetHints":{"allow":["GET"]}}],"collection":[{"href":"https:\/\/nadegequeuniet.fr\/index.php\/wp-json\/wp\/v2\/pages"}],"about":[{"href":"https:\/\/nadegequeuniet.fr\/index.php\/wp-json\/wp\/v2\/types\/page"}],"author":[{"embeddable":true,"href":"https:\/\/nadegequeuniet.fr\/index.php\/wp-json\/wp\/v2\/users\/1"}],"replies":[{"embeddable":true,"href":"https:\/\/nadegequeuniet.fr\/index.php\/wp-json\/wp\/v2\/comments?post=678"}],"version-history":[{"count":1,"href":"https:\/\/nadegequeuniet.fr\/index.php\/wp-json\/wp\/v2\/pages\/678\/revisions"}],"predecessor-version":[{"id":679,"href":"https:\/\/nadegequeuniet.fr\/index.php\/wp-json\/wp\/v2\/pages\/678\/revisions\/679"}],"wp:attachment":[{"href":"https:\/\/nadegequeuniet.fr\/index.php\/wp-json\/wp\/v2\/media?parent=678"}],"curies":[{"name":"wp","href":"https:\/\/api.w.org\/{rel}","templated":true}]}}